{"id":753,"date":"2021-11-30T15:52:11","date_gmt":"2021-11-30T14:52:11","guid":{"rendered":"https:\/\/www.vinci-melun.org\/?page_id=753"},"modified":"2025-01-29T10:48:01","modified_gmt":"2025-01-29T09:48:01","slug":"cdi-et-esidoc","status":"publish","type":"page","link":"https:\/\/www.vinci-melun.org\/index.php\/vie-du-lycee\/cdi-et-esidoc\/","title":{"rendered":"Centre de Documentation &#038; d&rsquo;Information (CDI)"},"content":{"rendered":"\n<p><strong>Envie de lire, de travailler ou de participer \u00e0 un atelier ? Alors, bienvenue au CDI, le Centre d\u2019Information de la Documentation du lyc\u00e9e<\/strong> o\u00f9 les professeurs documentalistes, Mme Toro et Mme Lazzarotto vous accompagnent du lundi au vendredi.<\/p>\n\n\n\n<ul class=\"wp-block-list\">\n<li>Le lundi de 9h \u00e0 11h30 et de 12h30 \u00e0 17h<\/li>\n\n\n\n<li>Le mardi de 8h \u00e0 11h30 et de 12h30 \u00e0 17h <\/li>\n\n\n\n<li>Le mercredi de 8h \u00e0 11h30 et de 12h30 \u00e0 16h30<\/li>\n\n\n\n<li>Le jeudi de 8h \u00e0 11h30 et de 12h30 \u00e0 16h <\/li>\n\n\n\n<li>Le vendredi de 8h \u00e0 11h30 et de 12h30 \u00e0 16h30 <\/li>\n<\/ul>\n\n\n\n<p>Dans cet espace sp\u00e9cialement am\u00e9nag\u00e9 pour vous, vous trouverez des ouvrages pour le plaisir de lire ou utiles \u00e0 votre travail : des manuels, des livres documentaires, des fictions dont, des romans, des bandes dessin\u00e9es, des mangas mais aussi des journaux, des magazines, des documents sur l&rsquo;orientation &#8230;  <strong>Chaque document (5 par personne) est empruntable pour une dur\u00e9e de 3 semaines y<\/strong> compris les DVD, les CD. <\/p>\n\n\n\n<p><\/p>\n\n\n\n<div class=\"wp-block-group\"><div class=\"wp-block-group__inner-container is-layout-constrained wp-block-group-is-layout-constrained\">\n<p class=\"has-black-color has-text-color\">Nous vous proposons aussi des <strong>ateliers <\/strong>(sciences politiques, calligraphie) et des concours (lecture, \u00e9criture de fictions, affiches, dessins). Tous les vendredis de 12h05 \u00e0 13h, les \u00e9l\u00e8ves ont la possibilit\u00e9 de venir jouer \u00e0 divers jeux de soci\u00e9t\u00e9 au CDI.<\/p>\n<\/div><\/div>\n\n\n\n<p><\/p>\n\n\n\n<p><strong>Le CDI est ferm\u00e9 \u00e0 certaines occasions par exemple lors de s\u00e9ances p\u00e9dagogiques, de r\u00e9unions ou d&rsquo;interventions \u00e0 l&rsquo;ext\u00e9rieur.<\/strong> <strong>Les \u00e9v\u00e8nements et les horaires d&rsquo;ouverture sont consultables d&rsquo;une semaine \u00e0 l&rsquo;autre sur la porte d&rsquo;entr\u00e9e du CDI.<\/strong><\/p>\n\n\n\n<p><\/p>\n","protected":false},"excerpt":{"rendered":"<p>Envie de lire, de travailler ou de participer \u00e0 un atelier ? Alors, bienvenue au CDI, le Centre d\u2019Information de la Documentation du lyc\u00e9e o\u00f9 les professeurs documentalistes, Mme Toro et Mme Lazzarotto vous accompagnent du lundi au vendredi. Dans cet espace sp\u00e9cialement am\u00e9nag\u00e9 pour vous, vous trouverez des ouvrages pour le plaisir de lire [&hellip;]<\/p>\n","protected":false},"author":1,"featured_media":0,"parent":751,"menu_order":0,"comment_status":"closed","ping_status":"closed","template":"","meta":{"footnotes":""},"class_list":["post-753","page","type-page","status-publish","czr-hentry"],"_links":{"self":[{"href":"https:\/\/www.vinci-melun.org\/index.php\/wp-json\/wp\/v2\/pages\/753","targetHints":{"allow":["GET"]}}],"collection":[{"href":"https:\/\/www.vinci-melun.org\/index.php\/wp-json\/wp\/v2\/pages"}],"about":[{"href":"https:\/\/www.vinci-melun.org\/index.php\/wp-json\/wp\/v2\/types\/page"}],"author":[{"embeddable":true,"href":"https:\/\/www.vinci-melun.org\/index.php\/wp-json\/wp\/v2\/users\/1"}],"replies":[{"embeddable":true,"href":"https:\/\/www.vinci-melun.org\/index.php\/wp-json\/wp\/v2\/comments?post=753"}],"version-history":[{"count":19,"href":"https:\/\/www.vinci-melun.org\/index.php\/wp-json\/wp\/v2\/pages\/753\/revisions"}],"predecessor-version":[{"id":3839,"href":"https:\/\/www.vinci-melun.org\/index.php\/wp-json\/wp\/v2\/pages\/753\/revisions\/3839"}],"up":[{"embeddable":true,"href":"https:\/\/www.vinci-melun.org\/index.php\/wp-json\/wp\/v2\/pages\/751"}],"wp:attachment":[{"href":"https:\/\/www.vinci-melun.org\/index.php\/wp-json\/wp\/v2\/media?parent=753"}],"curies":[{"name":"wp","href":"https:\/\/api.w.org\/{rel}","templated":true}]}}