{"id":1756,"date":"2022-02-09T16:51:20","date_gmt":"2022-02-09T15:51:20","guid":{"rendered":"https:\/\/www.vinci-melun.org\/?page_id=1756"},"modified":"2022-02-17T13:29:55","modified_gmt":"2022-02-17T12:29:55","slug":"upe2a","status":"publish","type":"page","link":"https:\/\/www.vinci-melun.org\/index.php\/filieres\/upe2a\/","title":{"rendered":"UPE2A"},"content":{"rendered":"\n<p><br>Les unit\u00e9s p\u00e9dagogiques pour \u00e9l\u00e8ves allophones arrivants (UPE2A) permettent aux \u00e9l\u00e8ves allophones d\u2019\u00eatre inscrits dans une classe ordinaire. Ils b\u00e9n\u00e9ficient  aussi d\u2019un enseignement renforc\u00e9 en fran\u00e7ais langue seconde, que leur professeur, M. Paolo, adapte en fonction de leurs besoins et de leurs acquis linguistiques et langagiers.<\/p>\n\n\n\n<p><\/p>\n\n\n\n<div class=\"wp-block-image\"><figure class=\"aligncenter size-large is-resized\"><img loading=\"lazy\" decoding=\"async\" src=\"https:\/\/www.vinci-melun.org\/wp-content\/uploads\/IMG-2143-768x1024.jpg\" alt=\"Photo d'une sortie au mus\u00e9e\" class=\"wp-image-1896\" width=\"222\" height=\"295\" srcset=\"https:\/\/www.vinci-melun.org\/wp-content\/uploads\/IMG-2143-768x1024.jpg 768w, https:\/\/www.vinci-melun.org\/wp-content\/uploads\/IMG-2143-225x300.jpg 225w, https:\/\/www.vinci-melun.org\/wp-content\/uploads\/IMG-2143-1152x1536.jpg 1152w, https:\/\/www.vinci-melun.org\/wp-content\/uploads\/IMG-2143-1536x2048.jpg 1536w, https:\/\/www.vinci-melun.org\/wp-content\/uploads\/IMG-2143-570x760.jpg 570w, https:\/\/www.vinci-melun.org\/wp-content\/uploads\/IMG-2143-scaled.jpg 1920w\" sizes=\"auto, (max-width: 222px) 100vw, 222px\" \/><figcaption>Atelier portrait au mus\u00e9e de Melun<\/figcaption><\/figure><\/div>\n","protected":false},"excerpt":{"rendered":"<p>Les unit\u00e9s p\u00e9dagogiques pour \u00e9l\u00e8ves allophones arrivants (UPE2A) permettent aux \u00e9l\u00e8ves allophones d\u2019\u00eatre inscrits dans une classe ordinaire. Ils b\u00e9n\u00e9ficient aussi d\u2019un enseignement renforc\u00e9 en fran\u00e7ais langue seconde, que leur professeur, M. Paolo, adapte en fonction de leurs besoins et de leurs acquis linguistiques et langagiers.<\/p>\n","protected":false},"author":1,"featured_media":1895,"parent":885,"menu_order":0,"comment_status":"closed","ping_status":"closed","template":"","meta":{"footnotes":""},"class_list":["post-1756","page","type-page","status-publish","has-post-thumbnail","czr-hentry"],"_links":{"self":[{"href":"https:\/\/www.vinci-melun.org\/index.php\/wp-json\/wp\/v2\/pages\/1756","targetHints":{"allow":["GET"]}}],"collection":[{"href":"https:\/\/www.vinci-melun.org\/index.php\/wp-json\/wp\/v2\/pages"}],"about":[{"href":"https:\/\/www.vinci-melun.org\/index.php\/wp-json\/wp\/v2\/types\/page"}],"author":[{"embeddable":true,"href":"https:\/\/www.vinci-melun.org\/index.php\/wp-json\/wp\/v2\/users\/1"}],"replies":[{"embeddable":true,"href":"https:\/\/www.vinci-melun.org\/index.php\/wp-json\/wp\/v2\/comments?post=1756"}],"version-history":[{"count":3,"href":"https:\/\/www.vinci-melun.org\/index.php\/wp-json\/wp\/v2\/pages\/1756\/revisions"}],"predecessor-version":[{"id":1897,"href":"https:\/\/www.vinci-melun.org\/index.php\/wp-json\/wp\/v2\/pages\/1756\/revisions\/1897"}],"up":[{"embeddable":true,"href":"https:\/\/www.vinci-melun.org\/index.php\/wp-json\/wp\/v2\/pages\/885"}],"wp:featuredmedia":[{"embeddable":true,"href":"https:\/\/www.vinci-melun.org\/index.php\/wp-json\/wp\/v2\/media\/1895"}],"wp:attachment":[{"href":"https:\/\/www.vinci-melun.org\/index.php\/wp-json\/wp\/v2\/media?parent=1756"}],"curies":[{"name":"wp","href":"https:\/\/api.w.org\/{rel}","templated":true}]}}